{"id":272,"date":"2021-10-29T11:13:38","date_gmt":"2021-10-29T09:13:38","guid":{"rendered":"https:\/\/www.boutique.upngolf.com\/?post_type=product&#038;p=272"},"modified":"2023-04-11T13:41:08","modified_gmt":"2023-04-11T11:41:08","slug":"droit-dentree-1ere-annee","status":"publish","type":"product","link":"https:\/\/www.boutique.upngolf.com\/index.php\/produit\/droit-dentree-1ere-annee\/","title":{"rendered":"Droit d&rsquo;entr\u00e9e 1ere ann\u00e9e &#038; date anniversaire d\u00e9pass\u00e9e"},"content":{"rendered":"<p>Droit d&rsquo;entr\u00e9e 1ere ann\u00e9e:<\/p>\n<p>Voir condition \u00e0 l&rsquo;accueil<\/p>\n","protected":false},"excerpt":{"rendered":"<p>Droit d&rsquo;entr\u00e9e 1ere ann\u00e9e: Voir condition \u00e0 l&rsquo;accueil<\/p>\n","protected":false},"featured_media":295,"comment_status":"closed","ping_status":"closed","template":"","meta":[],"product_brand":[],"product_cat":[50],"product_tag":[],"class_list":{"0":"post-272","1":"product","2":"type-product","3":"status-publish","4":"has-post-thumbnail","6":"product_cat-adhesions","8":"first","9":"instock","10":"virtual","11":"purchasable","12":"product-type-simple"},"jetpack_sharing_enabled":true,"_links":{"self":[{"href":"https:\/\/www.boutique.upngolf.com\/index.php\/wp-json\/wp\/v2\/product\/272","targetHints":{"allow":["GET"]}}],"collection":[{"href":"https:\/\/www.boutique.upngolf.com\/index.php\/wp-json\/wp\/v2\/product"}],"about":[{"href":"https:\/\/www.boutique.upngolf.com\/index.php\/wp-json\/wp\/v2\/types\/product"}],"replies":[{"embeddable":true,"href":"https:\/\/www.boutique.upngolf.com\/index.php\/wp-json\/wp\/v2\/comments?post=272"}],"wp:featuredmedia":[{"embeddable":true,"href":"https:\/\/www.boutique.upngolf.com\/index.php\/wp-json\/wp\/v2\/media\/295"}],"wp:attachment":[{"href":"https:\/\/www.boutique.upngolf.com\/index.php\/wp-json\/wp\/v2\/media?parent=272"}],"wp:term":[{"taxonomy":"product_brand","embeddable":true,"href":"https:\/\/www.boutique.upngolf.com\/index.php\/wp-json\/wp\/v2\/product_brand?post=272"},{"taxonomy":"product_cat","embeddable":true,"href":"https:\/\/www.boutique.upngolf.com\/index.php\/wp-json\/wp\/v2\/product_cat?post=272"},{"taxonomy":"product_tag","embeddable":true,"href":"https:\/\/www.boutique.upngolf.com\/index.php\/wp-json\/wp\/v2\/product_tag?post=272"}],"curies":[{"name":"wp","href":"https:\/\/api.w.org\/{rel}","templated":true}]}}