{"id":306,"date":"2023-04-11T14:12:27","date_gmt":"2023-04-11T12:12:27","guid":{"rendered":"https:\/\/www.boutique.upngolf.com\/?post_type=product&#038;p=306"},"modified":"2023-07-04T17:35:15","modified_gmt":"2023-07-04T15:35:15","slug":"fers-argolf-ar-f35-tolerance-jouabilite-et-flexibilite","status":"publish","type":"product","link":"https:\/\/www.boutique.upngolf.com\/index.php\/produit\/fers-argolf-ar-f35-tolerance-jouabilite-et-flexibilite\/","title":{"rendered":"Fers Argolf AR-F35 &#8211; Prix sur demande"},"content":{"rendered":"<p>Tol\u00e9rance, Jouabilit\u00e9 et Flexibilit\u00e9<\/p>\n<p>La s\u00e9rie de fers ARGOLF AR-F35 est fabriqu\u00e9e en acier inoxydable 431SC, ses stries sont reprises en usinage CNC.<\/p>\n<p>Reconnus pour leur tol\u00e9rance , les Fers AR-F35 se distinguent par la conception d\u2019une double cavit\u00e9 arri\u00e8re. Celle-ci augmente drastiquement la tol\u00e9rance, la jouabilit\u00e9 et la performance de la s\u00e9rie, offrant ainsi une sensation d\u2019explosivit\u00e9 \u00e0 chaque contact de balle.<\/p>\n<p>Con\u00e7us pour am\u00e9liorer la consistance des coups, les fers AR-F35 offrent une performance optimale pour tous les golfeurs cherchant l\u2019efficacit\u00e9 \u00e0 chaque swing.<\/p>\n<p>La s\u00e9rie de fers AR-F35 est la s\u00e9rie alliant performance, tol\u00e9rance et pr\u00e9cision du joueur d\u00e9butant au confirm\u00e9.<\/p>\n<p>Grace \u00e0 un MOI ( moment d\u2019inertie) plus \u00e9lev\u00e9 , une masse r\u00e9partie id\u00e9alement sur le p\u00e9rim\u00e8tre de la t\u00eate et un sweet spot tr\u00e8s large , le joueur obtient plus de tol\u00e9rance, m\u00eame sur les frappes d\u00e9centr\u00e9es.<\/p>\n<p>Cette s\u00e9rie de fers AR-F35 apporte au joueur les m\u00eames performances qu\u2019un club dit \u201csuper game improver\u201d tout en respectant le ressenti, les sensations, l\u2019apparence et l\u2019esth\u00e9tique d\u2019une s\u00e9rie de fers classiques.<\/p>\n<p>*TARIF SUR DEMANDE (longueur et type de shaft, grip, loft, lie&#8230;)<\/p>\n","protected":false},"excerpt":{"rendered":"<p><strong>Plus de sp\u00e9cificit\u00e9s \u00e0 propos des AR-F35<\/strong><\/p>\n<p><img loading=\"lazy\" decoding=\"async\" class=\"size-medium wp-image-307\" src=\"https:\/\/www.boutique.upngolf.com\/wp-content\/uploads\/2023\/04\/Capture-decran-2023-04-11-140106-300x104.png\" alt=\"\" width=\"300\" height=\"104\" srcset=\"https:\/\/i0.wp.com\/www.boutique.upngolf.com\/wp-content\/uploads\/2023\/04\/Capture-decran-2023-04-11-140106.png?resize=300%2C104&amp;ssl=1 300w, https:\/\/i0.wp.com\/www.boutique.upngolf.com\/wp-content\/uploads\/2023\/04\/Capture-decran-2023-04-11-140106.png?resize=1024%2C354&amp;ssl=1 1024w, https:\/\/i0.wp.com\/www.boutique.upngolf.com\/wp-content\/uploads\/2023\/04\/Capture-decran-2023-04-11-140106.png?resize=768%2C266&amp;ssl=1 768w, https:\/\/i0.wp.com\/www.boutique.upngolf.com\/wp-content\/uploads\/2023\/04\/Capture-decran-2023-04-11-140106.png?resize=1536%2C532&amp;ssl=1 1536w, https:\/\/i0.wp.com\/www.boutique.upngolf.com\/wp-content\/uploads\/2023\/04\/Capture-decran-2023-04-11-140106.png?resize=416%2C144&amp;ssl=1 416w, https:\/\/i0.wp.com\/www.boutique.upngolf.com\/wp-content\/uploads\/2023\/04\/Capture-decran-2023-04-11-140106.png?w=1621&amp;ssl=1 1621w\" sizes=\"auto, (max-width: 300px) 100vw, 300px\" \/><\/p>\n","protected":false},"featured_media":308,"comment_status":"open","ping_status":"closed","template":"","meta":[],"product_brand":[],"product_cat":[21],"product_tag":[],"class_list":{"0":"post-306","1":"product","2":"type-product","3":"status-publish","4":"has-post-thumbnail","6":"product_cat-fers-argolf","8":"first","9":"instock","10":"shipping-taxable","11":"product-type-simple"},"jetpack_sharing_enabled":true,"_links":{"self":[{"href":"https:\/\/www.boutique.upngolf.com\/index.php\/wp-json\/wp\/v2\/product\/306","targetHints":{"allow":["GET"]}}],"collection":[{"href":"https:\/\/www.boutique.upngolf.com\/index.php\/wp-json\/wp\/v2\/product"}],"about":[{"href":"https:\/\/www.boutique.upngolf.com\/index.php\/wp-json\/wp\/v2\/types\/product"}],"replies":[{"embeddable":true,"href":"https:\/\/www.boutique.upngolf.com\/index.php\/wp-json\/wp\/v2\/comments?post=306"}],"wp:featuredmedia":[{"embeddable":true,"href":"https:\/\/www.boutique.upngolf.com\/index.php\/wp-json\/wp\/v2\/media\/308"}],"wp:attachment":[{"href":"https:\/\/www.boutique.upngolf.com\/index.php\/wp-json\/wp\/v2\/media?parent=306"}],"wp:term":[{"taxonomy":"product_brand","embeddable":true,"href":"https:\/\/www.boutique.upngolf.com\/index.php\/wp-json\/wp\/v2\/product_brand?post=306"},{"taxonomy":"product_cat","embeddable":true,"href":"https:\/\/www.boutique.upngolf.com\/index.php\/wp-json\/wp\/v2\/product_cat?post=306"},{"taxonomy":"product_tag","embeddable":true,"href":"https:\/\/www.boutique.upngolf.com\/index.php\/wp-json\/wp\/v2\/product_tag?post=306"}],"curies":[{"name":"wp","href":"https:\/\/api.w.org\/{rel}","templated":true}]}}