{"id":70,"date":"2021-04-30T19:14:54","date_gmt":"2021-04-30T17:14:54","guid":{"rendered":"http:\/\/www.boutique.upngolf.com\/?post_type=product&#038;p=70"},"modified":"2023-07-04T17:22:21","modified_gmt":"2023-07-04T15:22:21","slug":"putters-argolf-merlin","status":"publish","type":"product","link":"https:\/\/www.boutique.upngolf.com\/index.php\/produit\/putters-argolf-merlin\/","title":{"rendered":"Putters Argolf &#8211; MERLIN &#8211; Prix sur demande"},"content":{"rendered":"<p><strong data-rich-text-format-boundary=\"true\">Sans offset<\/strong>, il offre un toucher r\u00e9actif et une sensation pure. L\u2019usinage tr\u00e8s pr\u00e9cis et de <strong>haute qualit\u00e9<\/strong> associ\u00e9 \u00e0 un poids \u00e9lev\u00e9 lui conf\u00e8rent un <strong>\u00e9quilibre parfait<\/strong> et une <strong>grande stabilit\u00e9<\/strong>. Le putter est <strong>trait\u00e9 et micro-bill\u00e9<\/strong> pour obtenir une finition argent mat.<\/p>\n","protected":false},"excerpt":{"rendered":"<p><strong>MERLIN \u2013 Bloc Acier Inoxydable 304 L<\/strong><\/p>\n<p><em><span style=\"color: #ff0000;\"><strong>Enl\u00e8vement et paiement sur place<\/strong><\/span><\/em><\/p>\n","protected":false},"featured_media":99,"comment_status":"open","ping_status":"closed","template":"","meta":[],"product_brand":[],"product_cat":[19],"product_tag":[],"class_list":{"0":"post-70","1":"product","2":"type-product","3":"status-publish","4":"has-post-thumbnail","6":"product_cat-putters-argolf","7":"product_shipping_class-enlevement-sur-place","9":"first","10":"instock","11":"shipping-taxable","12":"product-type-simple"},"jetpack_sharing_enabled":true,"_links":{"self":[{"href":"https:\/\/www.boutique.upngolf.com\/index.php\/wp-json\/wp\/v2\/product\/70","targetHints":{"allow":["GET"]}}],"collection":[{"href":"https:\/\/www.boutique.upngolf.com\/index.php\/wp-json\/wp\/v2\/product"}],"about":[{"href":"https:\/\/www.boutique.upngolf.com\/index.php\/wp-json\/wp\/v2\/types\/product"}],"replies":[{"embeddable":true,"href":"https:\/\/www.boutique.upngolf.com\/index.php\/wp-json\/wp\/v2\/comments?post=70"}],"wp:featuredmedia":[{"embeddable":true,"href":"https:\/\/www.boutique.upngolf.com\/index.php\/wp-json\/wp\/v2\/media\/99"}],"wp:attachment":[{"href":"https:\/\/www.boutique.upngolf.com\/index.php\/wp-json\/wp\/v2\/media?parent=70"}],"wp:term":[{"taxonomy":"product_brand","embeddable":true,"href":"https:\/\/www.boutique.upngolf.com\/index.php\/wp-json\/wp\/v2\/product_brand?post=70"},{"taxonomy":"product_cat","embeddable":true,"href":"https:\/\/www.boutique.upngolf.com\/index.php\/wp-json\/wp\/v2\/product_cat?post=70"},{"taxonomy":"product_tag","embeddable":true,"href":"https:\/\/www.boutique.upngolf.com\/index.php\/wp-json\/wp\/v2\/product_tag?post=70"}],"curies":[{"name":"wp","href":"https:\/\/api.w.org\/{rel}","templated":true}]}}