{"id":71,"date":"2021-04-30T19:14:54","date_gmt":"2021-04-30T17:14:54","guid":{"rendered":"http:\/\/www.boutique.upngolf.com\/?post_type=product&#038;p=71"},"modified":"2023-07-04T17:24:34","modified_gmt":"2023-07-04T15:24:34","slug":"putters-argolf-perceval","status":"publish","type":"product","link":"https:\/\/www.boutique.upngolf.com\/index.php\/produit\/putters-argolf-perceval\/","title":{"rendered":"Putters Argolf &#8211; PERCEVAL &#8211; Prix sur demande"},"content":{"rendered":"<p><strong data-rich-text-format-boundary=\"true\">Demi-lune<\/strong>, pour le joueur qui cherche une <strong>conception moderne<\/strong> et une <strong>sensation solide et pure<\/strong>. Il a \u00e9t\u00e9 con\u00e7u en redistribuant le poids du centre pour obtenir un <strong>\u00e9quilibre in\u00e9gal\u00e9<\/strong> et un <strong>parfait contr\u00f4le de la t\u00eate<\/strong>.<\/p>\n","protected":false},"excerpt":{"rendered":"<p><strong>PERCEVAL &#8211; Bloc Acier Inoxydable 304 L<\/strong><\/p>\n<p><em><span style=\"color: #ff0000;\"><strong>Enl\u00e8vement et paiement sur place<\/strong><\/span><\/em><\/p>\n","protected":false},"featured_media":100,"comment_status":"open","ping_status":"closed","template":"","meta":[],"product_brand":[],"product_cat":[19],"product_tag":[],"class_list":{"0":"post-71","1":"product","2":"type-product","3":"status-publish","4":"has-post-thumbnail","6":"product_cat-putters-argolf","7":"product_shipping_class-enlevement-sur-place","9":"first","10":"instock","11":"shipping-taxable","12":"product-type-simple"},"jetpack_sharing_enabled":true,"_links":{"self":[{"href":"https:\/\/www.boutique.upngolf.com\/index.php\/wp-json\/wp\/v2\/product\/71","targetHints":{"allow":["GET"]}}],"collection":[{"href":"https:\/\/www.boutique.upngolf.com\/index.php\/wp-json\/wp\/v2\/product"}],"about":[{"href":"https:\/\/www.boutique.upngolf.com\/index.php\/wp-json\/wp\/v2\/types\/product"}],"replies":[{"embeddable":true,"href":"https:\/\/www.boutique.upngolf.com\/index.php\/wp-json\/wp\/v2\/comments?post=71"}],"wp:featuredmedia":[{"embeddable":true,"href":"https:\/\/www.boutique.upngolf.com\/index.php\/wp-json\/wp\/v2\/media\/100"}],"wp:attachment":[{"href":"https:\/\/www.boutique.upngolf.com\/index.php\/wp-json\/wp\/v2\/media?parent=71"}],"wp:term":[{"taxonomy":"product_brand","embeddable":true,"href":"https:\/\/www.boutique.upngolf.com\/index.php\/wp-json\/wp\/v2\/product_brand?post=71"},{"taxonomy":"product_cat","embeddable":true,"href":"https:\/\/www.boutique.upngolf.com\/index.php\/wp-json\/wp\/v2\/product_cat?post=71"},{"taxonomy":"product_tag","embeddable":true,"href":"https:\/\/www.boutique.upngolf.com\/index.php\/wp-json\/wp\/v2\/product_tag?post=71"}],"curies":[{"name":"wp","href":"https:\/\/api.w.org\/{rel}","templated":true}]}}