{"id":75,"date":"2021-04-30T19:14:55","date_gmt":"2021-04-30T17:14:55","guid":{"rendered":"http:\/\/www.boutique.upngolf.com\/?post_type=product&#038;p=75"},"modified":"2023-07-04T17:20:59","modified_gmt":"2023-07-04T15:20:59","slug":"putters-argolf-graal","status":"publish","type":"product","link":"https:\/\/www.boutique.upngolf.com\/index.php\/produit\/putters-argolf-graal\/","title":{"rendered":"Putters Argolf &#8211; GRAAL &#8211; Prix sur demande"},"content":{"rendered":"<p><strong data-rich-text-format-boundary=\"true\">Putter style demi-lune<\/strong>, tr\u00e8s <strong>prestigieux<\/strong>, usin\u00e9 en <strong><em>titane<\/em><\/strong>, ce qui est <strong>unique au monde<\/strong>, et destin\u00e9 aux <strong>golfeurs en qu\u00eate de perfection<\/strong>.<br data-rich-text-line-break=\"true\" \/>Un toucher r\u00e9volutionnaire gr\u00e2ce \u00e0 sa <strong>face finement usin\u00e9e offrant un putt pr\u00e9cis et constant<\/strong>.<\/p>\n","protected":false},"excerpt":{"rendered":"<p><strong>GRAAL \u2013 Bloc TITANIUM TA6V<\/strong><\/p>\n<p><em><span style=\"color: #ff0000;\"><strong>Enl\u00e8vement et paiement sur place<\/strong><\/span><\/em><\/p>\n","protected":false},"featured_media":104,"comment_status":"open","ping_status":"closed","template":"","meta":[],"product_brand":[],"product_cat":[19],"product_tag":[],"class_list":{"0":"post-75","1":"product","2":"type-product","3":"status-publish","4":"has-post-thumbnail","6":"product_cat-putters-argolf","7":"product_shipping_class-enlevement-sur-place","9":"first","10":"instock","11":"shipping-taxable","12":"product-type-simple"},"jetpack_sharing_enabled":true,"_links":{"self":[{"href":"https:\/\/www.boutique.upngolf.com\/index.php\/wp-json\/wp\/v2\/product\/75","targetHints":{"allow":["GET"]}}],"collection":[{"href":"https:\/\/www.boutique.upngolf.com\/index.php\/wp-json\/wp\/v2\/product"}],"about":[{"href":"https:\/\/www.boutique.upngolf.com\/index.php\/wp-json\/wp\/v2\/types\/product"}],"replies":[{"embeddable":true,"href":"https:\/\/www.boutique.upngolf.com\/index.php\/wp-json\/wp\/v2\/comments?post=75"}],"wp:featuredmedia":[{"embeddable":true,"href":"https:\/\/www.boutique.upngolf.com\/index.php\/wp-json\/wp\/v2\/media\/104"}],"wp:attachment":[{"href":"https:\/\/www.boutique.upngolf.com\/index.php\/wp-json\/wp\/v2\/media?parent=75"}],"wp:term":[{"taxonomy":"product_brand","embeddable":true,"href":"https:\/\/www.boutique.upngolf.com\/index.php\/wp-json\/wp\/v2\/product_brand?post=75"},{"taxonomy":"product_cat","embeddable":true,"href":"https:\/\/www.boutique.upngolf.com\/index.php\/wp-json\/wp\/v2\/product_cat?post=75"},{"taxonomy":"product_tag","embeddable":true,"href":"https:\/\/www.boutique.upngolf.com\/index.php\/wp-json\/wp\/v2\/product_tag?post=75"}],"curies":[{"name":"wp","href":"https:\/\/api.w.org\/{rel}","templated":true}]}}