{"id":79,"date":"2021-04-30T19:14:55","date_gmt":"2021-04-30T17:14:55","guid":{"rendered":"http:\/\/www.boutique.upngolf.com\/?post_type=product&#038;p=79"},"modified":"2023-07-04T17:17:14","modified_gmt":"2023-07-04T15:17:14","slug":"fers-ar-f18","status":"publish","type":"product","link":"https:\/\/www.boutique.upngolf.com\/index.php\/produit\/fers-ar-f18\/","title":{"rendered":"Fers &#8211; AR-F18 &#8211; Prix sur demande"},"content":{"rendered":"<p><strong><u data-rich-text-format-boundary=\"true\">Les\u00a0fers ARGOLF AR-F18 \u00e0 cavit\u00e9 arri\u00e8re<\/u><\/strong> sont con\u00e7us avec une semelle de largeur moyenne est l\u00e9g\u00e8rement cambr\u00e9e qui ajoute un rebond suppl\u00e9mentaire.<\/p>\n<p>Ils sont dot\u00e9s d\u2019une lame l\u00e9g\u00e8rement plus grande.La semelle de largeur moyenne est l\u00e9g\u00e8rement cambr\u00e9e et ajoute un rebond qui permet des performances optimales sur tous les types de fairways et de sortir des roughs plus ais\u00e9ment.<\/p>\n<p><strong><img data-recalc-dims=\"1\" loading=\"lazy\" decoding=\"async\" class=\" wp-image-2890 alignleft\" src=\"https:\/\/i0.wp.com\/upngolf.com\/wp-content\/uploads\/2021\/04\/fer3_carac1-300x118.jpg?resize=707%2C278&#038;ssl=1\" alt=\"\" width=\"707\" height=\"278\" \/><\/strong><\/p>\n<p>&nbsp;<\/p>\n<p>&nbsp;<\/p>\n<p>&nbsp;<\/p>\n<p>&nbsp;<\/p>\n<p>&nbsp;<\/p>\n<p><img data-recalc-dims=\"1\" loading=\"lazy\" decoding=\"async\" class=\" wp-image-2891 alignleft\" src=\"https:\/\/i0.wp.com\/upngolf.com\/wp-content\/uploads\/2021\/04\/fer3_carac2-300x118.jpg?resize=727%2C286&#038;ssl=1\" alt=\"\" width=\"727\" height=\"286\" \/><\/p>\n","protected":false},"excerpt":{"rendered":"<p><strong><u data-rich-text-format-boundary=\"true\">AR-F18<\/u> &#8211; acier S20C<\/strong><\/p>\n<p><em><span style=\"color: #ff0000;\"><strong>Enl\u00e8vement et paiement sur place<\/strong><\/span><\/em><\/p>\n","protected":false},"featured_media":108,"comment_status":"open","ping_status":"closed","template":"","meta":[],"product_brand":[],"product_cat":[21],"product_tag":[],"class_list":{"0":"post-79","1":"product","2":"type-product","3":"status-publish","4":"has-post-thumbnail","6":"product_cat-fers-argolf","7":"product_shipping_class-enlevement-sur-place","9":"first","10":"instock","11":"shipping-taxable","12":"product-type-simple"},"jetpack_sharing_enabled":true,"_links":{"self":[{"href":"https:\/\/www.boutique.upngolf.com\/index.php\/wp-json\/wp\/v2\/product\/79","targetHints":{"allow":["GET"]}}],"collection":[{"href":"https:\/\/www.boutique.upngolf.com\/index.php\/wp-json\/wp\/v2\/product"}],"about":[{"href":"https:\/\/www.boutique.upngolf.com\/index.php\/wp-json\/wp\/v2\/types\/product"}],"replies":[{"embeddable":true,"href":"https:\/\/www.boutique.upngolf.com\/index.php\/wp-json\/wp\/v2\/comments?post=79"}],"wp:featuredmedia":[{"embeddable":true,"href":"https:\/\/www.boutique.upngolf.com\/index.php\/wp-json\/wp\/v2\/media\/108"}],"wp:attachment":[{"href":"https:\/\/www.boutique.upngolf.com\/index.php\/wp-json\/wp\/v2\/media?parent=79"}],"wp:term":[{"taxonomy":"product_brand","embeddable":true,"href":"https:\/\/www.boutique.upngolf.com\/index.php\/wp-json\/wp\/v2\/product_brand?post=79"},{"taxonomy":"product_cat","embeddable":true,"href":"https:\/\/www.boutique.upngolf.com\/index.php\/wp-json\/wp\/v2\/product_cat?post=79"},{"taxonomy":"product_tag","embeddable":true,"href":"https:\/\/www.boutique.upngolf.com\/index.php\/wp-json\/wp\/v2\/product_tag?post=79"}],"curies":[{"name":"wp","href":"https:\/\/api.w.org\/{rel}","templated":true}]}}